{"id":663,"date":"2018-07-25T13:42:41","date_gmt":"2018-07-25T11:42:41","guid":{"rendered":"http:\/\/entwurf-neu.de\/W2738\/?page_id=663"},"modified":"2020-06-11T11:21:35","modified_gmt":"2020-06-11T09:21:35","slug":"unternehmen","status":"publish","type":"page","link":"https:\/\/hoppefenster.de\/?page_id=663","title":{"rendered":"Unternehmen"},"content":{"rendered":"\t<section class=\"section start\" id=\"section_405821122\">\n\t\t<div class=\"bg section-bg fill bg-fill  bg-loaded\" >\n\n\t\t\t\n\t\t\t\n\t\t\t\n\n\t\t<\/div>\n\n\t\t\n\n\t\t<div class=\"section-content relative\">\n\t\t\t\n<div class=\"row row-collapse row-full-width\"  id=\"row-1003144140\">\n\n\t<div id=\"col-1572387570\" class=\"col small-12 large-12\"  >\n\t\t\t\t<div class=\"col-inner\" style=\"background-color:rgb(255,255,255);\" >\n\t\t\t\n\t\t\t\n\n  <div class=\"banner has-hover has-parallax\" id=\"banner-1887035934\">\n          <div class=\"banner-inner fill\">\n        <div class=\"banner-bg fill\" data-parallax=\"-4\" data-parallax-container=\".banner\" data-parallax-background>\n            <div class=\"bg fill bg-fill \"><\/div>\n                                    \n                    <\/div>\n\t\t\n        <div class=\"banner-layers container\">\n            <div class=\"fill banner-link\"><\/div>            \n        <\/div>\n      <\/div>\n\n            \n<style>\n#banner-1887035934 {\n  padding-top: 500px;\n  background-color: rgba(255, 255, 255, 0);\n}\n#banner-1887035934 .bg.bg-loaded {\n  background-image: url(https:\/\/hoppefenster.de\/wp-content\/uploads\/2020\/06\/Hoppe-Fenster-Startseite-scaled.jpg);\n}\n#banner-1887035934 .bg {\n  background-position: 53% 92%;\n}\n#banner-1887035934 .ux-shape-divider--top svg {\n  height: 150px;\n  --divider-top-width: 100%;\n}\n#banner-1887035934 .ux-shape-divider--bottom svg {\n  height: 150px;\n  --divider-width: 100%;\n}\n@media (min-width:550px) {\n  #banner-1887035934 {\n    padding-top: 200px;\n  }\n}\n<\/style>\n  <\/div>\n\n\n\t\t<\/div>\n\t\t\t\t\t<\/div>\n\n\t\n<\/div>\n\t\t<\/div>\n\n\t\t\n<style>\n#section_405821122 {\n  padding-top: 0px;\n  padding-bottom: 0px;\n  margin-bottom: 0px;\n}\n#section_405821122 .ux-shape-divider--top svg {\n  height: 150px;\n  --divider-top-width: 100%;\n}\n#section_405821122 .ux-shape-divider--bottom svg {\n  height: 150px;\n  --divider-width: 100%;\n}\n<\/style>\n\t<\/section>\n\t\n\t<section class=\"section\" id=\"section_153297951\">\n\t\t<div class=\"bg section-bg fill bg-fill  bg-loaded\" >\n\n\t\t\t\n\t\t\t\n\t\t\t\n\n\t\t<\/div>\n\n\t\t\n\n\t\t<div class=\"section-content relative\">\n\t\t\t\n<div class=\"row row-large align-bottom row-divided no_padding_bottom\" style=\"max-width:1400px\" id=\"row-2054931589\">\n\n\t<div id=\"col-441647277\" class=\"col null_abstand medium-7 small-12 large-7\"  >\n\t\t\t\t<div class=\"col-inner\"  >\n\t\t\t\n\t\t\t\n<h1><span style=\"font-size: 150%;\">\u00dcber unser Unternehmen<\/span><\/h1>\n<div class=\"is-divider divider clearfix\" style=\"height:8px;\"><\/div>\n<p class=\"lead\">Unsere Firma wurde 1993 als reiner Handwerksbetrieb gegr\u00fcndet und im Jahr 2009 umgewandelt zur GmbH.<\/p>\n<p>Wir bieten breitgef\u00e4cherte L\u00f6sungen im Bereich Fenster \/ T\u00fcren\/ Sonnen- und Insektenschutz \/ Winterg\u00e4rten \/ Innent\u00fcren, sowie Tischlerarbeiten immer im Interesse des Kunden an.<\/p>\n<p>Ob Fensterreparatur oder Industriebau, wir sind ein kompetenter Partner an Ihrer Seite.<\/p>\n<p>Wir garantieren eine Kompetente Beratung, kurzfristige termingerechte Lieferung und kundenfreundlicher Montageservice.<\/p>\n<p><strong>Wir w\u00fcrden uns freuen, wenn wir auch Sie bald zu unseren Kunden z\u00e4hlen d\u00fcrfen.<\/strong><\/p>\n\t\t<\/div>\n\t\t\t\t\t<\/div>\n\n\t\n\n\t<div id=\"col-1939031399\" class=\"col null_abstand medium-5 small-12 large-5\"  >\n\t\t\t\t<div class=\"col-inner\"  >\n\t\t\t\n\t\t\t\n\n  <div class=\"banner has-hover rahmen\" id=\"banner-2016363805\">\n          <div class=\"banner-inner fill\">\n        <div class=\"banner-bg fill\" >\n            <div class=\"bg fill bg-fill \"><\/div>\n                                    \n                    <\/div>\n\t\t\n        <div class=\"banner-layers container\">\n            <div class=\"fill banner-link\"><\/div>            \n        <\/div>\n      <\/div>\n\n            \n<style>\n#banner-2016363805 {\n  padding-top: 450px;\n  background-color: rgb(255,255,255);\n}\n#banner-2016363805 .bg.bg-loaded {\n  background-image: url(https:\/\/hoppefenster.de\/wp-content\/uploads\/2020\/03\/6629-42-t12_st_satinato_7016_h.jpg);\n}\n#banner-2016363805 .bg {\n  background-position: 45% 50%;\n}\n#banner-2016363805 .ux-shape-divider--top svg {\n  height: 150px;\n  --divider-top-width: 100%;\n}\n#banner-2016363805 .ux-shape-divider--bottom svg {\n  height: 150px;\n  --divider-width: 100%;\n}\n@media (min-width:550px) {\n  #banner-2016363805 {\n    padding-top: 450px;\n  }\n}\n<\/style>\n  <\/div>\n\n\n\t\t<\/div>\n\t\t\t\t\t<\/div>\n\n\t\n<\/div>\n\t\t<\/div>\n\n\t\t\n<style>\n#section_153297951 {\n  padding-top: 60px;\n  padding-bottom: 60px;\n  margin-bottom: 10px;\n}\n#section_153297951 .ux-shape-divider--top svg {\n  height: 150px;\n  --divider-top-width: 100%;\n}\n#section_153297951 .ux-shape-divider--bottom svg {\n  height: 150px;\n  --divider-width: 100%;\n}\n<\/style>\n\t<\/section>\n\t\n\n  <div class=\"banner has-hover has-parallax\" id=\"banner-1101625148\">\n          <div class=\"banner-inner fill\">\n        <div class=\"banner-bg fill\" data-parallax=\"-2\" data-parallax-container=\".banner\" data-parallax-background>\n            <div class=\"bg fill bg-fill \"><\/div>\n                        <div class=\"overlay\"><\/div>            \n                    <\/div>\n\t\t\n        <div class=\"banner-layers container\">\n            <div class=\"fill banner-link\"><\/div>            \n   <div id=\"text-box-1296826209\" class=\"text-box banner-layer x0 md-x0 lg-x0 y50 md-y50 lg-y50 res-text\">\n                                <div class=\"text-box-content text dark text-shadow-2\">\n              \n              <div class=\"text-inner text-left\">\n                  \n<p class=\"lead\" data-line-height=\"s\">Unser versprechen an Sie:<\/p>\n<h3><span style=\"font-size: 170%;\" data-line-height=\"s\">Wir haben die passende L\u00f6sung f\u00fcr Ihr Projekt.<\/span><\/h3>\n<a href=\"http:\/\/hoppefenster.de\/kontakt\/\" target=\"_self\" class=\"button primary\"  >\n    <span>Jetzt Kontakt aufnehmen<\/span>\n  <i class=\"icon-angle-right\" aria-hidden=\"true\" ><\/i><\/a>\n\n              <\/div>\n           <\/div>\n                            \n<style>\n#text-box-1296826209 {\n  width: 90%;\n}\n#text-box-1296826209 .text-box-content {\n  font-size: 100%;\n}\n@media (min-width:550px) {\n  #text-box-1296826209 {\n    width: 60%;\n  }\n}\n<\/style>\n    <\/div>\n \n        <\/div>\n      <\/div>\n\n            \n<style>\n#banner-1101625148 {\n  padding-top: 400px;\n  background-color: rgba(255, 255, 255, 0);\n}\n#banner-1101625148 .bg.bg-loaded {\n  background-image: url(https:\/\/hoppefenster.de\/wp-content\/uploads\/2020\/03\/H2B9719.jpg);\n}\n#banner-1101625148 .overlay {\n  background-color: rgba(0, 0, 0, 0.6);\n}\n#banner-1101625148 .bg {\n  background-position: 75% 55%;\n}\n#banner-1101625148 .ux-shape-divider--top svg {\n  height: 150px;\n  --divider-top-width: 100%;\n}\n#banner-1101625148 .ux-shape-divider--bottom svg {\n  height: 150px;\n  --divider-width: 100%;\n}\n@media (min-width:550px) {\n  #banner-1101625148 {\n    padding-top: 500px;\n  }\n}\n<\/style>\n  <\/div>\n\n\n\t<section class=\"section\" id=\"section_435887997\">\n\t\t<div class=\"bg section-bg fill bg-fill  \" >\n\n\t\t\t\n\t\t\t<div class=\"section-bg-overlay absolute fill\"><\/div>\n\t\t\t\n\n\t\t<\/div>\n\n\t\t\n\n\t\t<div class=\"section-content relative\">\n\t\t\t\n\n<div class=\"row row-collapse\"  id=\"row-1107745778\">\n\n\n\t<div id=\"col-2103415229\" class=\"col small-12 large-12\"  >\n\t\t\t\t<div class=\"col-inner\"  >\n\t\t\t\n\t\t\t\n\n\n  <div class=\"banner has-hover\" id=\"banner-1679991091\">\n          <div class=\"banner-inner fill\">\n        <div class=\"banner-bg fill\" >\n            <div class=\"bg fill bg-fill \"><\/div>\n                                    \n                    <\/div>\n\t\t\n        <div class=\"banner-layers container\">\n            <div class=\"fill banner-link\"><\/div>            \n\n   <div id=\"text-box-2136330336\" class=\"text-box banner-layer x50 md-x50 lg-x50 y50 md-y50 lg-y50 res-text\">\n                     <div data-animate=\"none\">           <div class=\"text-box-content text \">\n              \n              <div class=\"text-inner text-center\">\n                  \n\n<h3 data-line-height=\"m\">Nehmen Sie mit uns Kontakt auf - wir beraten Sie gern.<\/h3>\n<a href=\"tel:03391397855\" target=\"_self\" class=\"button white is-outline lowercase\"  >\n  <i class=\"icon-phone\" aria-hidden=\"true\" ><\/i>  <span>+49 (0) 33 91 - 39 78 55<\/span>\n  <\/a>\n\n\n<a href=\"mailto:hoppe-fenster@t-online.de\" target=\"_self\" class=\"button success lowercase\"  >\n  <i class=\"icon-envelop\" aria-hidden=\"true\" ><\/i>  <span>hoppe-fenster@t-online.de<\/span>\n  <\/a>\n\n\n<a href=\"http:\/\/hoppefenster.de\/kontakt\/\" target=\"_self\" class=\"button success lowercase\"  >\n    <span>Zum Kontaktformular<\/span>\n  <i class=\"icon-angle-right\" aria-hidden=\"true\" ><\/i><\/a>\n\n\n\n              <\/div>\n           <\/div>\n       <\/div>                     \n<style>\n#text-box-2136330336 {\n  width: 81%;\n}\n#text-box-2136330336 .text-box-content {\n  font-size: 110%;\n}\n@media (min-width:550px) {\n  #text-box-2136330336 {\n    width: 65%;\n  }\n  #text-box-2136330336 .text-box-content {\n    font-size: 100%;\n  }\n}\n@media (min-width:850px) {\n  #text-box-2136330336 {\n    width: 80%;\n  }\n}\n<\/style>\n    <\/div>\n \n\n        <\/div>\n      <\/div>\n\n            \n<style>\n#banner-1679991091 {\n  padding-top: 200px;\n  background-color: rgba(255, 255, 255, 0);\n}\n#banner-1679991091 .ux-shape-divider--top svg {\n  height: 150px;\n  --divider-top-width: 100%;\n}\n#banner-1679991091 .ux-shape-divider--bottom svg {\n  height: 150px;\n  --divider-width: 100%;\n}\n@media (min-width:550px) {\n  #banner-1679991091 {\n    padding-top: 180px;\n  }\n}\n<\/style>\n  <\/div>\n\n\n\n\t\t<\/div>\n\t\t\t\t\t<\/div>\n\n\t\n\n<\/div>\n\n\t\t<\/div>\n\n\t\t\n<style>\n#section_435887997 {\n  padding-top: 60px;\n  padding-bottom: 60px;\n}\n#section_435887997 .section-bg-overlay {\n  background-color: rgba(0, 0, 0, 0);\n}\n#section_435887997 .section-bg.bg-loaded {\n  background-image: url(https:\/\/hoppefenster.de\/wp-content\/uploads\/2020\/02\/rock-2929205_1920.jpg);\n}\n#section_435887997 .section-bg {\n  background-position: 68% 0%;\n}\n#section_435887997 .ux-shape-divider--top svg {\n  height: 150px;\n  --divider-top-width: 100%;\n}\n#section_435887997 .ux-shape-divider--bottom svg {\n  height: 150px;\n  --divider-width: 100%;\n}\n<\/style>\n\t<\/section>\n\t\n","protected":false},"excerpt":{"rendered":"","protected":false},"author":4,"featured_media":0,"parent":0,"menu_order":0,"comment_status":"closed","ping_status":"closed","template":"page-blank.php","meta":{"footnotes":""},"class_list":["post-663","page","type-page","status-publish","hentry"],"_links":{"self":[{"href":"https:\/\/hoppefenster.de\/index.php?rest_route=\/wp\/v2\/pages\/663","targetHints":{"allow":["GET"]}}],"collection":[{"href":"https:\/\/hoppefenster.de\/index.php?rest_route=\/wp\/v2\/pages"}],"about":[{"href":"https:\/\/hoppefenster.de\/index.php?rest_route=\/wp\/v2\/types\/page"}],"author":[{"embeddable":true,"href":"https:\/\/hoppefenster.de\/index.php?rest_route=\/wp\/v2\/users\/4"}],"replies":[{"embeddable":true,"href":"https:\/\/hoppefenster.de\/index.php?rest_route=%2Fwp%2Fv2%2Fcomments&post=663"}],"version-history":[{"count":121,"href":"https:\/\/hoppefenster.de\/index.php?rest_route=\/wp\/v2\/pages\/663\/revisions"}],"predecessor-version":[{"id":3057,"href":"https:\/\/hoppefenster.de\/index.php?rest_route=\/wp\/v2\/pages\/663\/revisions\/3057"}],"wp:attachment":[{"href":"https:\/\/hoppefenster.de\/index.php?rest_route=%2Fwp%2Fv2%2Fmedia&parent=663"}],"curies":[{"name":"wp","href":"https:\/\/api.w.org\/{rel}","templated":true}]}}